{"id":246,"date":"2021-01-23T12:07:25","date_gmt":"2021-01-23T12:07:25","guid":{"rendered":"http:\/\/www.retrotechnik.pl\/?page_id=246"},"modified":"2021-01-23T12:07:25","modified_gmt":"2021-01-23T12:07:25","slug":"formularz-kontaktowy","status":"publish","type":"page","link":"http:\/\/www.retrotechnik.pl\/index.php\/formularz-kontaktowy\/","title":{"rendered":"Formularz kontaktowy"},"content":{"rendered":"<div class=\"wpforms-container wpforms-container-full\" id=\"wpforms-245\"><form id=\"wpforms-form-245\" class=\"wpforms-validate wpforms-form\" data-formid=\"245\" method=\"post\" enctype=\"multipart\/form-data\" action=\"\/index.php\/wp-json\/wp\/v2\/pages\/246\" data-token=\"9a7eb7d9ba4d501752bf44d021392ad3\"><noscript class=\"wpforms-error-noscript\">Please enable JavaScript in your browser to complete this form.<\/noscript><div class=\"wpforms-field-container\"><div id=\"wpforms-245-field_3-container\" class=\"wpforms-field wpforms-field-name\" data-field-id=\"3\"><label class=\"wpforms-field-label\" for=\"wpforms-245-field_3\">Imi\u0119 Nazwisko <span class=\"wpforms-required-label\">*<\/span><\/label><div class=\"wpforms-field-row wpforms-field-medium\"><div class=\"wpforms-field-row-block wpforms-first wpforms-one-half\"><input type=\"text\" id=\"wpforms-245-field_3\" class=\"wpforms-field-name-first wpforms-field-required\" name=\"wpforms[fields][3][first]\" required><label for=\"wpforms-245-field_3\" class=\"wpforms-field-sublabel after \">First<\/label><\/div><div class=\"wpforms-field-row-block wpforms-one-half\"><input type=\"text\" id=\"wpforms-245-field_3-last\" class=\"wpforms-field-name-last wpforms-field-required\" name=\"wpforms[fields][3][last]\" required><label for=\"wpforms-245-field_3-last\" class=\"wpforms-field-sublabel after \">Last<\/label><\/div><\/div><\/div><div id=\"wpforms-245-field_4-container\" class=\"wpforms-field wpforms-field-number\" data-field-id=\"4\"><label class=\"wpforms-field-label\" for=\"wpforms-245-field_4\">Numer kontaktowy na kt\u00f3ry wy\u015blemy odpowied\u017a <span class=\"wpforms-required-label\">*<\/span><\/label><input type=\"number\" pattern=\"\\d*\" id=\"wpforms-245-field_4\" class=\"wpforms-field-medium wpforms-field-required\" name=\"wpforms[fields][4]\" required><\/div><div id=\"wpforms-245-field_0-container\" class=\"wpforms-field wpforms-field-name\" data-field-id=\"0\"><label class=\"wpforms-field-label\" for=\"wpforms-245-field_0\">Temat rozmowy <span class=\"wpforms-required-label\">*<\/span><\/label><input type=\"text\" id=\"wpforms-245-field_0\" class=\"wpforms-field-medium wpforms-field-required\" name=\"wpforms[fields][0]\" required><\/div><div id=\"wpforms-245-field_2-container\" class=\"wpforms-field wpforms-field-textarea\" data-field-id=\"2\"><label class=\"wpforms-field-label\" for=\"wpforms-245-field_2\">Tre\u015b\u0107 zapytania <span class=\"wpforms-required-label\">*<\/span><\/label><textarea id=\"wpforms-245-field_2\" class=\"wpforms-field-medium wpforms-field-required\" name=\"wpforms[fields][2]\" required><\/textarea><\/div><div id=\"wpforms-245-field_5-container\" class=\"wpforms-field wpforms-field-radio\" data-field-id=\"5\"><label class=\"wpforms-field-label\" for=\"wpforms-245-field_5\">Sk\u0105d si\u0119 o nas dowiedzia\u0142e\u015b ?   <span class=\"wpforms-required-label\">*<\/span><\/label><ul id=\"wpforms-245-field_5\" class=\"wpforms-field-required\"><li class=\"choice-1 depth-1\"><input type=\"radio\" id=\"wpforms-245-field_5_1\" name=\"wpforms[fields][5]\" value=\"Znajomy was poleci\u0142\" required ><label class=\"wpforms-field-label-inline\" for=\"wpforms-245-field_5_1\">Znajomy was poleci\u0142<\/label><\/li><li class=\"choice-2 depth-1\"><input type=\"radio\" id=\"wpforms-245-field_5_2\" name=\"wpforms[fields][5]\" value=\"Youtube\" required ><label class=\"wpforms-field-label-inline\" for=\"wpforms-245-field_5_2\">Youtube<\/label><\/li><li class=\"choice-3 depth-1\"><input type=\"radio\" id=\"wpforms-245-field_5_3\" name=\"wpforms[fields][5]\" value=\"Przypadkiem znalaz\u0142em wasz\u0105 strone.\" required ><label class=\"wpforms-field-label-inline\" for=\"wpforms-245-field_5_3\">Przypadkiem znalaz\u0142em wasz\u0105 strone.<\/label><\/li><\/ul><\/div><div id=\"wpforms-245-field_6-container\" class=\"wpforms-field wpforms-field-checkbox\" data-field-id=\"6\"><label class=\"wpforms-field-label\" for=\"wpforms-245-field_6\">AKCEPTUJE przetwarzanie moich danych <span class=\"wpforms-required-label\">*<\/span><\/label><ul id=\"wpforms-245-field_6\" class=\"wpforms-field-required\"><li class=\"choice-1 depth-1\"><input type=\"checkbox\" id=\"wpforms-245-field_6_1\" name=\"wpforms[fields][6][]\" value=\"Wyra\u017cam zgod\u0119 na przetwarzanie moich danych osobowych, podanych w powy\u017cszym formularzu, w celu udzielenia odpowiedzi na wys\u0142an\u0105 przeze mnie wiadomo\u015b\u0107. Podanie przez Pana\/Pani\u0105 danych jest dobrowolne, ale jest niezb\u0119dne je\u015bli chce Pan\/Pani uzyska\u0107 odpowied\u017a na wys\u0142an\u0105 przez siebie wiadomo\u015b\u0107.\" required ><label class=\"wpforms-field-label-inline\" for=\"wpforms-245-field_6_1\">Wyra\u017cam zgod\u0119 na przetwarzanie moich danych osobowych, podanych w powy\u017cszym formularzu, w celu udzielenia odpowiedzi na wys\u0142an\u0105 przeze mnie wiadomo\u015b\u0107. Podanie przez Pana\/Pani\u0105 danych jest dobrowolne, ale jest niezb\u0119dne je\u015bli chce Pan\/Pani uzyska\u0107 odpowied\u017a na wys\u0142an\u0105 przez siebie wiadomo\u015b\u0107.<\/label><\/li><\/ul><\/div><\/div><div class=\"wpforms-submit-container\" ><input type=\"hidden\" name=\"wpforms[id]\" value=\"245\"><input type=\"hidden\" name=\"wpforms[author]\" value=\"1\"><button type=\"submit\" name=\"wpforms[submit]\" class=\"wpforms-submit \" id=\"wpforms-submit-245\" value=\"wpforms-submit\" aria-live=\"assertive\" data-alt-text=\"wysy\u0142anie...\" data-submit-text=\"Wy\u015blij wiadomo\u015b\u0107 \">Wy\u015blij wiadomo\u015b\u0107 <\/button><\/div><\/form><\/div>  <!-- .wpforms-container -->","protected":false},"excerpt":{"rendered":"","protected":false},"author":1,"featured_media":0,"parent":0,"menu_order":0,"comment_status":"closed","ping_status":"closed","template":"","meta":[],"_links":{"self":[{"href":"http:\/\/www.retrotechnik.pl\/index.php\/wp-json\/wp\/v2\/pages\/246"}],"collection":[{"href":"http:\/\/www.retrotechnik.pl\/index.php\/wp-json\/wp\/v2\/pages"}],"about":[{"href":"http:\/\/www.retrotechnik.pl\/index.php\/wp-json\/wp\/v2\/types\/page"}],"author":[{"embeddable":true,"href":"http:\/\/www.retrotechnik.pl\/index.php\/wp-json\/wp\/v2\/users\/1"}],"replies":[{"embeddable":true,"href":"http:\/\/www.retrotechnik.pl\/index.php\/wp-json\/wp\/v2\/comments?post=246"}],"version-history":[{"count":1,"href":"http:\/\/www.retrotechnik.pl\/index.php\/wp-json\/wp\/v2\/pages\/246\/revisions"}],"predecessor-version":[{"id":247,"href":"http:\/\/www.retrotechnik.pl\/index.php\/wp-json\/wp\/v2\/pages\/246\/revisions\/247"}],"wp:attachment":[{"href":"http:\/\/www.retrotechnik.pl\/index.php\/wp-json\/wp\/v2\/media?parent=246"}],"curies":[{"name":"wp","href":"https:\/\/api.w.org\/{rel}","templated":true}]}}