{"id":652,"date":"2021-01-28T21:51:53","date_gmt":"2021-01-28T21:51:53","guid":{"rendered":"http:\/\/www.retrotechnik.pl\/?page_id=652"},"modified":"2021-12-05T11:44:25","modified_gmt":"2021-12-05T11:44:25","slug":"waly","status":"publish","type":"page","link":"http:\/\/www.retrotechnik.pl\/index.php\/waly\/","title":{"rendered":"Wa\u0142y"},"content":{"rendered":"\t\t<div data-elementor-type=\"wp-page\" data-elementor-id=\"652\" class=\"elementor elementor-652\" data-elementor-settings=\"[]\">\n\t\t\t\t\t\t<div class=\"elementor-inner\">\n\t\t\t\t\t\t\t<div class=\"elementor-section-wrap\">\n\t\t\t\t\t\t\t<section class=\"elementor-section elementor-top-section elementor-element elementor-element-f4fd91b elementor-section-boxed elementor-section-height-default elementor-section-height-default\" data-id=\"f4fd91b\" data-element_type=\"section\">\n\t\t\t\t\t\t<div class=\"elementor-container elementor-column-gap-default\">\n\t\t\t\t\t\t\t<div class=\"elementor-row\">\n\t\t\t\t\t<div class=\"elementor-column elementor-col-100 elementor-top-column elementor-element elementor-element-0f4321b\" data-id=\"0f4321b\" data-element_type=\"column\">\n\t\t\t<div class=\"elementor-column-wrap elementor-element-populated\">\n\t\t\t\t\t\t\t<div class=\"elementor-widget-wrap\">\n\t\t\t\t\t\t<div class=\"elementor-element elementor-element-af8038a elementor-widget elementor-widget-text-editor\" data-id=\"af8038a\" data-element_type=\"widget\" data-widget_type=\"text-editor.default\">\n\t\t\t\t<div class=\"elementor-widget-container\">\n\t\t\t\t\t\t\t\t<div class=\"elementor-text-editor elementor-clearfix\">\n\t\t\t\t<h4>Regeneracja wa\u0142\u00f3w<\/h4>\n<h5 class=\"role\">Regenerujemy niemal wszystkie wa\u0142y do motocykli zabytkowych oraz wsp\u00f3\u0142czesnych silnik\u00f3w dwusuwowych jedno i dwu cylindrowych.<\/h5>\t\t\t\t\t<\/div>\n\t\t\t\t\t\t<\/div>\n\t\t\t\t<\/div>\n\t\t\t\t\t\t<\/div>\n\t\t\t\t\t<\/div>\n\t\t<\/div>\n\t\t\t\t\t\t\t\t<\/div>\n\t\t\t\t\t<\/div>\n\t\t<\/section>\n\t\t\t\t<section class=\"elementor-section elementor-top-section elementor-element elementor-element-c1d9ed8 elementor-section-boxed elementor-section-height-default elementor-section-height-default\" data-id=\"c1d9ed8\" data-element_type=\"section\">\n\t\t\t\t\t\t<div class=\"elementor-container elementor-column-gap-default\">\n\t\t\t\t\t\t\t<div class=\"elementor-row\">\n\t\t\t\t\t<div class=\"elementor-column elementor-col-100 elementor-top-column elementor-element elementor-element-c6abf7a\" data-id=\"c6abf7a\" data-element_type=\"column\">\n\t\t\t<div class=\"elementor-column-wrap elementor-element-populated\">\n\t\t\t\t\t\t\t<div class=\"elementor-widget-wrap\">\n\t\t\t\t\t\t<div class=\"elementor-element elementor-element-d379b1a elementor-widget elementor-widget-image-gallery\" data-id=\"d379b1a\" data-element_type=\"widget\" data-widget_type=\"image-gallery.default\">\n\t\t\t\t<div class=\"elementor-widget-container\">\n\t\t\t\t\t<div class=\"elementor-image-gallery\">\n\t\t\t<div id='gallery-1' class='gallery galleryid-652 gallery-columns-3 gallery-size-large'><figure class='gallery-item'>\n\t\t\t<div class='gallery-icon landscape'>\n\t\t\t\t<a data-elementor-open-lightbox=\"yes\" data-elementor-lightbox-slideshow=\"d379b1a\" data-elementor-lightbox-title=\"OLYMPUS DIGITAL CAMERA\" href='http:\/\/www.retrotechnik.pl\/wp-content\/uploads\/2021\/01\/P3277102.jpg'><img width=\"1024\" height=\"768\" src=\"http:\/\/www.retrotechnik.pl\/wp-content\/uploads\/2021\/01\/P3277102-1024x768.jpg\" class=\"attachment-large size-large\" alt=\"\" aria-describedby=\"gallery-1-658\" srcset=\"http:\/\/www.retrotechnik.pl\/wp-content\/uploads\/2021\/01\/P3277102-1024x768.jpg 1024w, http:\/\/www.retrotechnik.pl\/wp-content\/uploads\/2021\/01\/P3277102-300x225.jpg 300w, http:\/\/www.retrotechnik.pl\/wp-content\/uploads\/2021\/01\/P3277102-768x576.jpg 768w, http:\/\/www.retrotechnik.pl\/wp-content\/uploads\/2021\/01\/P3277102.jpg 1460w\" sizes=\"(max-width: 1024px) 100vw, 1024px\" \/><\/a>\n\t\t\t<\/div>\n\t\t\t\t<figcaption class='wp-caption-text gallery-caption' id='gallery-1-658'>\n\t\t\t\tOLYMPUS DIGITAL CAMERA\n\t\t\t\t<\/figcaption><\/figure><figure class='gallery-item'>\n\t\t\t<div class='gallery-icon portrait'>\n\t\t\t\t<a data-elementor-open-lightbox=\"yes\" data-elementor-lightbox-slideshow=\"d379b1a\" data-elementor-lightbox-title=\"regeneracja wa\u0142u jawa CZ (2)\" href='http:\/\/www.retrotechnik.pl\/wp-content\/uploads\/2021\/07\/regeneracja-walu-jawa-CZ-2-scaled.jpg'><img width=\"682\" height=\"1024\" src=\"http:\/\/www.retrotechnik.pl\/wp-content\/uploads\/2021\/07\/regeneracja-walu-jawa-CZ-2-682x1024.jpg\" class=\"attachment-large size-large\" alt=\"\" srcset=\"http:\/\/www.retrotechnik.pl\/wp-content\/uploads\/2021\/07\/regeneracja-walu-jawa-CZ-2-682x1024.jpg 682w, http:\/\/www.retrotechnik.pl\/wp-content\/uploads\/2021\/07\/regeneracja-walu-jawa-CZ-2-200x300.jpg 200w, http:\/\/www.retrotechnik.pl\/wp-content\/uploads\/2021\/07\/regeneracja-walu-jawa-CZ-2-768x1152.jpg 768w, http:\/\/www.retrotechnik.pl\/wp-content\/uploads\/2021\/07\/regeneracja-walu-jawa-CZ-2-1024x1536.jpg 1024w, http:\/\/www.retrotechnik.pl\/wp-content\/uploads\/2021\/07\/regeneracja-walu-jawa-CZ-2-1365x2048.jpg 1365w, http:\/\/www.retrotechnik.pl\/wp-content\/uploads\/2021\/07\/regeneracja-walu-jawa-CZ-2-scaled.jpg 1706w\" sizes=\"(max-width: 682px) 100vw, 682px\" \/><\/a>\n\t\t\t<\/div><\/figure><figure class='gallery-item'>\n\t\t\t<div class='gallery-icon landscape'>\n\t\t\t\t<a data-elementor-open-lightbox=\"yes\" data-elementor-lightbox-slideshow=\"d379b1a\" data-elementor-lightbox-title=\"IMG_20210331_231217838\" href='http:\/\/www.retrotechnik.pl\/wp-content\/uploads\/2021\/04\/IMG_20210331_231217838-scaled.jpg'><img width=\"1024\" height=\"576\" src=\"http:\/\/www.retrotechnik.pl\/wp-content\/uploads\/2021\/04\/IMG_20210331_231217838-1024x576.jpg\" class=\"attachment-large size-large\" alt=\"\" srcset=\"http:\/\/www.retrotechnik.pl\/wp-content\/uploads\/2021\/04\/IMG_20210331_231217838-1024x576.jpg 1024w, http:\/\/www.retrotechnik.pl\/wp-content\/uploads\/2021\/04\/IMG_20210331_231217838-300x169.jpg 300w, http:\/\/www.retrotechnik.pl\/wp-content\/uploads\/2021\/04\/IMG_20210331_231217838-768x432.jpg 768w, http:\/\/www.retrotechnik.pl\/wp-content\/uploads\/2021\/04\/IMG_20210331_231217838-1536x864.jpg 1536w, http:\/\/www.retrotechnik.pl\/wp-content\/uploads\/2021\/04\/IMG_20210331_231217838-2048x1152.jpg 2048w\" sizes=\"(max-width: 1024px) 100vw, 1024px\" \/><\/a>\n\t\t\t<\/div><\/figure><figure class='gallery-item'>\n\t\t\t<div class='gallery-icon landscape'>\n\t\t\t\t<a data-elementor-open-lightbox=\"yes\" data-elementor-lightbox-slideshow=\"d379b1a\" data-elementor-lightbox-title=\"IMG_20210331_231158307\" href='http:\/\/www.retrotechnik.pl\/wp-content\/uploads\/2021\/04\/IMG_20210331_231158307-scaled.jpg'><img width=\"1024\" height=\"576\" src=\"http:\/\/www.retrotechnik.pl\/wp-content\/uploads\/2021\/04\/IMG_20210331_231158307-1024x576.jpg\" class=\"attachment-large size-large\" alt=\"\" srcset=\"http:\/\/www.retrotechnik.pl\/wp-content\/uploads\/2021\/04\/IMG_20210331_231158307-1024x576.jpg 1024w, http:\/\/www.retrotechnik.pl\/wp-content\/uploads\/2021\/04\/IMG_20210331_231158307-300x169.jpg 300w, http:\/\/www.retrotechnik.pl\/wp-content\/uploads\/2021\/04\/IMG_20210331_231158307-768x432.jpg 768w, http:\/\/www.retrotechnik.pl\/wp-content\/uploads\/2021\/04\/IMG_20210331_231158307-1536x864.jpg 1536w, http:\/\/www.retrotechnik.pl\/wp-content\/uploads\/2021\/04\/IMG_20210331_231158307-2048x1152.jpg 2048w\" sizes=\"(max-width: 1024px) 100vw, 1024px\" \/><\/a>\n\t\t\t<\/div><\/figure><figure class='gallery-item'>\n\t\t\t<div class='gallery-icon landscape'>\n\t\t\t\t<a data-elementor-open-lightbox=\"yes\" data-elementor-lightbox-slideshow=\"d379b1a\" data-elementor-lightbox-title=\"Bez\u00a0tytu\u0142u\" href='http:\/\/www.retrotechnik.pl\/wp-content\/uploads\/2021\/01\/Bez-tytulu.jpg'><img width=\"900\" height=\"676\" src=\"http:\/\/www.retrotechnik.pl\/wp-content\/uploads\/2021\/01\/Bez-tytulu.jpg\" class=\"attachment-large size-large\" alt=\"\" srcset=\"http:\/\/www.retrotechnik.pl\/wp-content\/uploads\/2021\/01\/Bez-tytulu.jpg 900w, http:\/\/www.retrotechnik.pl\/wp-content\/uploads\/2021\/01\/Bez-tytulu-300x225.jpg 300w, http:\/\/www.retrotechnik.pl\/wp-content\/uploads\/2021\/01\/Bez-tytulu-768x577.jpg 768w\" sizes=\"(max-width: 900px) 100vw, 900px\" \/><\/a>\n\t\t\t<\/div><\/figure><figure class='gallery-item'>\n\t\t\t<div class='gallery-icon landscape'>\n\t\t\t\t<a data-elementor-open-lightbox=\"yes\" data-elementor-lightbox-slideshow=\"d379b1a\" data-elementor-lightbox-title=\"dadsfw\" href='http:\/\/www.retrotechnik.pl\/wp-content\/uploads\/2021\/01\/dadsfw.png'><img width=\"766\" height=\"588\" src=\"http:\/\/www.retrotechnik.pl\/wp-content\/uploads\/2021\/01\/dadsfw.png\" class=\"attachment-large size-large\" alt=\"\" srcset=\"http:\/\/www.retrotechnik.pl\/wp-content\/uploads\/2021\/01\/dadsfw.png 766w, http:\/\/www.retrotechnik.pl\/wp-content\/uploads\/2021\/01\/dadsfw-300x230.png 300w\" sizes=\"(max-width: 766px) 100vw, 766px\" \/><\/a>\n\t\t\t<\/div><\/figure><figure class='gallery-item'>\n\t\t\t<div class='gallery-icon landscape'>\n\t\t\t\t<a data-elementor-open-lightbox=\"yes\" data-elementor-lightbox-slideshow=\"d379b1a\" data-elementor-lightbox-title=\"infraviev002\" href='http:\/\/www.retrotechnik.pl\/wp-content\/uploads\/2021\/04\/infraviev002-2.jpg'><img width=\"1024\" height=\"576\" src=\"http:\/\/www.retrotechnik.pl\/wp-content\/uploads\/2021\/04\/infraviev002-2-1024x576.jpg\" class=\"attachment-large size-large\" alt=\"\" srcset=\"http:\/\/www.retrotechnik.pl\/wp-content\/uploads\/2021\/04\/infraviev002-2-1024x576.jpg 1024w, http:\/\/www.retrotechnik.pl\/wp-content\/uploads\/2021\/04\/infraviev002-2-300x169.jpg 300w, http:\/\/www.retrotechnik.pl\/wp-content\/uploads\/2021\/04\/infraviev002-2-768x432.jpg 768w, http:\/\/www.retrotechnik.pl\/wp-content\/uploads\/2021\/04\/infraviev002-2-1536x864.jpg 1536w, http:\/\/www.retrotechnik.pl\/wp-content\/uploads\/2021\/04\/infraviev002-2.jpg 1613w\" sizes=\"(max-width: 1024px) 100vw, 1024px\" \/><\/a>\n\t\t\t<\/div><\/figure><figure class='gallery-item'>\n\t\t\t<div class='gallery-icon landscape'>\n\t\t\t\t<a data-elementor-open-lightbox=\"yes\" data-elementor-lightbox-slideshow=\"d379b1a\" data-elementor-lightbox-title=\"infraviev003\" href='http:\/\/www.retrotechnik.pl\/wp-content\/uploads\/2021\/04\/infraviev003-2.jpg'><img width=\"1024\" height=\"576\" src=\"http:\/\/www.retrotechnik.pl\/wp-content\/uploads\/2021\/04\/infraviev003-2-1024x576.jpg\" class=\"attachment-large size-large\" alt=\"\" srcset=\"http:\/\/www.retrotechnik.pl\/wp-content\/uploads\/2021\/04\/infraviev003-2-1024x576.jpg 1024w, http:\/\/www.retrotechnik.pl\/wp-content\/uploads\/2021\/04\/infraviev003-2-300x169.jpg 300w, http:\/\/www.retrotechnik.pl\/wp-content\/uploads\/2021\/04\/infraviev003-2-768x432.jpg 768w, http:\/\/www.retrotechnik.pl\/wp-content\/uploads\/2021\/04\/infraviev003-2-1536x864.jpg 1536w, http:\/\/www.retrotechnik.pl\/wp-content\/uploads\/2021\/04\/infraviev003-2.jpg 1613w\" sizes=\"(max-width: 1024px) 100vw, 1024px\" \/><\/a>\n\t\t\t<\/div><\/figure><figure class='gallery-item'>\n\t\t\t<div class='gallery-icon landscape'>\n\t\t\t\t<a data-elementor-open-lightbox=\"yes\" data-elementor-lightbox-slideshow=\"d379b1a\" data-elementor-lightbox-title=\"IMG_20210331_231325625\" href='http:\/\/www.retrotechnik.pl\/wp-content\/uploads\/2021\/04\/IMG_20210331_231325625-scaled.jpg'><img width=\"1024\" height=\"576\" src=\"http:\/\/www.retrotechnik.pl\/wp-content\/uploads\/2021\/04\/IMG_20210331_231325625-1024x576.jpg\" class=\"attachment-large size-large\" alt=\"\" srcset=\"http:\/\/www.retrotechnik.pl\/wp-content\/uploads\/2021\/04\/IMG_20210331_231325625-1024x576.jpg 1024w, http:\/\/www.retrotechnik.pl\/wp-content\/uploads\/2021\/04\/IMG_20210331_231325625-300x169.jpg 300w, http:\/\/www.retrotechnik.pl\/wp-content\/uploads\/2021\/04\/IMG_20210331_231325625-768x432.jpg 768w, http:\/\/www.retrotechnik.pl\/wp-content\/uploads\/2021\/04\/IMG_20210331_231325625-1536x864.jpg 1536w, http:\/\/www.retrotechnik.pl\/wp-content\/uploads\/2021\/04\/IMG_20210331_231325625-2048x1152.jpg 2048w\" sizes=\"(max-width: 1024px) 100vw, 1024px\" \/><\/a>\n\t\t\t<\/div><\/figure><figure class='gallery-item'>\n\t\t\t<div class='gallery-icon landscape'>\n\t\t\t\t<a data-elementor-open-lightbox=\"yes\" data-elementor-lightbox-slideshow=\"d379b1a\" data-elementor-lightbox-title=\"image0161\" href='http:\/\/www.retrotechnik.pl\/wp-content\/uploads\/2021\/01\/image0161-1.jpg'><img width=\"1024\" height=\"768\" src=\"http:\/\/www.retrotechnik.pl\/wp-content\/uploads\/2021\/01\/image0161-1-1024x768.jpg\" class=\"attachment-large size-large\" alt=\"\" srcset=\"http:\/\/www.retrotechnik.pl\/wp-content\/uploads\/2021\/01\/image0161-1-1024x768.jpg 1024w, http:\/\/www.retrotechnik.pl\/wp-content\/uploads\/2021\/01\/image0161-1-300x225.jpg 300w, http:\/\/www.retrotechnik.pl\/wp-content\/uploads\/2021\/01\/image0161-1-768x576.jpg 768w, http:\/\/www.retrotechnik.pl\/wp-content\/uploads\/2021\/01\/image0161-1-1536x1152.jpg 1536w, http:\/\/www.retrotechnik.pl\/wp-content\/uploads\/2021\/01\/image0161-1.jpg 1997w\" sizes=\"(max-width: 1024px) 100vw, 1024px\" \/><\/a>\n\t\t\t<\/div><\/figure><figure class='gallery-item'>\n\t\t\t<div class='gallery-icon landscape'>\n\t\t\t\t<a data-elementor-open-lightbox=\"yes\" data-elementor-lightbox-slideshow=\"d379b1a\" data-elementor-lightbox-title=\"sdvbdfbbfdbbd\" href='http:\/\/www.retrotechnik.pl\/wp-content\/uploads\/2021\/01\/sdvbdfbbfdbbd.png'><img width=\"921\" height=\"699\" src=\"http:\/\/www.retrotechnik.pl\/wp-content\/uploads\/2021\/01\/sdvbdfbbfdbbd.png\" class=\"attachment-large size-large\" alt=\"\" srcset=\"http:\/\/www.retrotechnik.pl\/wp-content\/uploads\/2021\/01\/sdvbdfbbfdbbd.png 921w, http:\/\/www.retrotechnik.pl\/wp-content\/uploads\/2021\/01\/sdvbdfbbfdbbd-300x228.png 300w, http:\/\/www.retrotechnik.pl\/wp-content\/uploads\/2021\/01\/sdvbdfbbfdbbd-768x583.png 768w\" sizes=\"(max-width: 921px) 100vw, 921px\" \/><\/a>\n\t\t\t<\/div><\/figure><figure class='gallery-item'>\n\t\t\t<div class='gallery-icon landscape'>\n\t\t\t\t<a data-elementor-open-lightbox=\"yes\" data-elementor-lightbox-slideshow=\"d379b1a\" data-elementor-lightbox-title=\"IMG_3404\" href='http:\/\/www.retrotechnik.pl\/wp-content\/uploads\/2021\/01\/IMG_3404.jpg'><img width=\"1024\" height=\"683\" src=\"http:\/\/www.retrotechnik.pl\/wp-content\/uploads\/2021\/01\/IMG_3404-1024x683.jpg\" class=\"attachment-large size-large\" alt=\"\" srcset=\"http:\/\/www.retrotechnik.pl\/wp-content\/uploads\/2021\/01\/IMG_3404-1024x683.jpg 1024w, http:\/\/www.retrotechnik.pl\/wp-content\/uploads\/2021\/01\/IMG_3404-300x200.jpg 300w, http:\/\/www.retrotechnik.pl\/wp-content\/uploads\/2021\/01\/IMG_3404-768x512.jpg 768w, http:\/\/www.retrotechnik.pl\/wp-content\/uploads\/2021\/01\/IMG_3404-1536x1024.jpg 1536w, http:\/\/www.retrotechnik.pl\/wp-content\/uploads\/2021\/01\/IMG_3404-2048x1366.jpg 2048w\" sizes=\"(max-width: 1024px) 100vw, 1024px\" \/><\/a>\n\t\t\t<\/div><\/figure><figure class='gallery-item'>\n\t\t\t<div class='gallery-icon landscape'>\n\t\t\t\t<a data-elementor-open-lightbox=\"yes\" data-elementor-lightbox-slideshow=\"d379b1a\" data-elementor-lightbox-title=\"WSK 175 PRZED PO\" href='http:\/\/www.retrotechnik.pl\/wp-content\/uploads\/2021\/08\/WSK-175-PRZED-PO-1.jpg'><img width=\"614\" height=\"613\" src=\"http:\/\/www.retrotechnik.pl\/wp-content\/uploads\/2021\/08\/WSK-175-PRZED-PO-1.jpg\" class=\"attachment-large size-large\" alt=\"\" srcset=\"http:\/\/www.retrotechnik.pl\/wp-content\/uploads\/2021\/08\/WSK-175-PRZED-PO-1.jpg 614w, http:\/\/www.retrotechnik.pl\/wp-content\/uploads\/2021\/08\/WSK-175-PRZED-PO-1-300x300.jpg 300w, http:\/\/www.retrotechnik.pl\/wp-content\/uploads\/2021\/08\/WSK-175-PRZED-PO-1-150x150.jpg 150w\" sizes=\"(max-width: 614px) 100vw, 614px\" \/><\/a>\n\t\t\t<\/div><\/figure><figure class='gallery-item'>\n\t\t\t<div class='gallery-icon landscape'>\n\t\t\t\t<a data-elementor-open-lightbox=\"yes\" data-elementor-lightbox-slideshow=\"d379b1a\" data-elementor-lightbox-title=\"IMG_20211013_003748526\" href='http:\/\/www.retrotechnik.pl\/wp-content\/uploads\/2021\/12\/IMG_20211013_003748526-scaled.jpg'><img width=\"1024\" height=\"768\" src=\"http:\/\/www.retrotechnik.pl\/wp-content\/uploads\/2021\/12\/IMG_20211013_003748526-1024x768.jpg\" class=\"attachment-large size-large\" alt=\"\" srcset=\"http:\/\/www.retrotechnik.pl\/wp-content\/uploads\/2021\/12\/IMG_20211013_003748526-1024x768.jpg 1024w, http:\/\/www.retrotechnik.pl\/wp-content\/uploads\/2021\/12\/IMG_20211013_003748526-300x225.jpg 300w, http:\/\/www.retrotechnik.pl\/wp-content\/uploads\/2021\/12\/IMG_20211013_003748526-768x576.jpg 768w, http:\/\/www.retrotechnik.pl\/wp-content\/uploads\/2021\/12\/IMG_20211013_003748526-1536x1152.jpg 1536w, http:\/\/www.retrotechnik.pl\/wp-content\/uploads\/2021\/12\/IMG_20211013_003748526-2048x1536.jpg 2048w\" sizes=\"(max-width: 1024px) 100vw, 1024px\" \/><\/a>\n\t\t\t<\/div><\/figure><figure class='gallery-item'>\n\t\t\t<div class='gallery-icon landscape'>\n\t\t\t\t<a data-elementor-open-lightbox=\"yes\" data-elementor-lightbox-slideshow=\"d379b1a\" data-elementor-lightbox-title=\"regeneracja wa\u0142u jawa CZ (1)\" href='http:\/\/www.retrotechnik.pl\/wp-content\/uploads\/2021\/07\/regeneracja-walu-jawa-CZ-1-scaled.jpg'><img width=\"1024\" height=\"682\" src=\"http:\/\/www.retrotechnik.pl\/wp-content\/uploads\/2021\/07\/regeneracja-walu-jawa-CZ-1-1024x682.jpg\" class=\"attachment-large size-large\" alt=\"\" srcset=\"http:\/\/www.retrotechnik.pl\/wp-content\/uploads\/2021\/07\/regeneracja-walu-jawa-CZ-1-1024x682.jpg 1024w, http:\/\/www.retrotechnik.pl\/wp-content\/uploads\/2021\/07\/regeneracja-walu-jawa-CZ-1-300x200.jpg 300w, http:\/\/www.retrotechnik.pl\/wp-content\/uploads\/2021\/07\/regeneracja-walu-jawa-CZ-1-768x512.jpg 768w, http:\/\/www.retrotechnik.pl\/wp-content\/uploads\/2021\/07\/regeneracja-walu-jawa-CZ-1-1536x1024.jpg 1536w, http:\/\/www.retrotechnik.pl\/wp-content\/uploads\/2021\/07\/regeneracja-walu-jawa-CZ-1-2048x1365.jpg 2048w\" sizes=\"(max-width: 1024px) 100vw, 1024px\" \/><\/a>\n\t\t\t<\/div><\/figure>\n\t\t<\/div>\n\t\t<\/div>\n\t\t\t\t<\/div>\n\t\t\t\t<\/div>\n\t\t\t\t\t\t<\/div>\n\t\t\t\t\t<\/div>\n\t\t<\/div>\n\t\t\t\t\t\t\t\t<\/div>\n\t\t\t\t\t<\/div>\n\t\t<\/section>\n\t\t\t\t\t\t<\/div>\n\t\t\t\t\t\t<\/div>\n\t\t\t\t\t<\/div>\n\t\t","protected":false},"excerpt":{"rendered":"<p>Regeneracja wa\u0142\u00f3w Regenerujemy niemal wszystkie wa\u0142y do motocykli zabytkowych oraz wsp\u00f3\u0142czesnych silnik\u00f3w dwusuwowych jedno i dwu cylindrowych. OLYMPUS DIGITAL CAMERA<\/p>\n","protected":false},"author":1,"featured_media":0,"parent":0,"menu_order":0,"comment_status":"closed","ping_status":"closed","template":"","meta":[],"_links":{"self":[{"href":"http:\/\/www.retrotechnik.pl\/index.php\/wp-json\/wp\/v2\/pages\/652"}],"collection":[{"href":"http:\/\/www.retrotechnik.pl\/index.php\/wp-json\/wp\/v2\/pages"}],"about":[{"href":"http:\/\/www.retrotechnik.pl\/index.php\/wp-json\/wp\/v2\/types\/page"}],"author":[{"embeddable":true,"href":"http:\/\/www.retrotechnik.pl\/index.php\/wp-json\/wp\/v2\/users\/1"}],"replies":[{"embeddable":true,"href":"http:\/\/www.retrotechnik.pl\/index.php\/wp-json\/wp\/v2\/comments?post=652"}],"version-history":[{"count":31,"href":"http:\/\/www.retrotechnik.pl\/index.php\/wp-json\/wp\/v2\/pages\/652\/revisions"}],"predecessor-version":[{"id":1341,"href":"http:\/\/www.retrotechnik.pl\/index.php\/wp-json\/wp\/v2\/pages\/652\/revisions\/1341"}],"wp:attachment":[{"href":"http:\/\/www.retrotechnik.pl\/index.php\/wp-json\/wp\/v2\/media?parent=652"}],"curies":[{"name":"wp","href":"https:\/\/api.w.org\/{rel}","templated":true}]}}