{"id":713,"date":"2021-01-28T22:19:48","date_gmt":"2021-01-28T22:19:48","guid":{"rendered":"http:\/\/www.retrotechnik.pl\/?page_id=713"},"modified":"2021-12-05T11:51:53","modified_gmt":"2021-12-05T11:51:53","slug":"przetaczanie","status":"publish","type":"page","link":"http:\/\/www.retrotechnik.pl\/index.php\/przetaczanie\/","title":{"rendered":"przetaczanie"},"content":{"rendered":"\t\t<div data-elementor-type=\"wp-page\" data-elementor-id=\"713\" class=\"elementor elementor-713\" data-elementor-settings=\"[]\">\n\t\t\t\t\t\t<div class=\"elementor-inner\">\n\t\t\t\t\t\t\t<div class=\"elementor-section-wrap\">\n\t\t\t\t\t\t\t<section class=\"elementor-section elementor-top-section elementor-element elementor-element-74bfe65 elementor-section-boxed elementor-section-height-default elementor-section-height-default\" data-id=\"74bfe65\" data-element_type=\"section\">\n\t\t\t\t\t\t<div class=\"elementor-container elementor-column-gap-default\">\n\t\t\t\t\t\t\t<div class=\"elementor-row\">\n\t\t\t\t\t<div class=\"elementor-column elementor-col-100 elementor-top-column elementor-element elementor-element-c288828\" data-id=\"c288828\" data-element_type=\"column\">\n\t\t\t<div class=\"elementor-column-wrap elementor-element-populated\">\n\t\t\t\t\t\t\t<div class=\"elementor-widget-wrap\">\n\t\t\t\t\t\t<div class=\"elementor-element elementor-element-cf39cf8 elementor-widget elementor-widget-text-editor\" data-id=\"cf39cf8\" data-element_type=\"widget\" data-widget_type=\"text-editor.default\">\n\t\t\t\t<div class=\"elementor-widget-container\">\n\t\t\t\t\t\t\t\t<div class=\"elementor-text-editor elementor-clearfix\">\n\t\t\t\t<h4>Przetaczanie b\u0119bn\u00f3w hamulcowych<\/h4><h5 class=\"role\">Przetaczanie b\u0119bn\u00f3w polega na wyr\u00f3wnaniu wszystkich rowk\u00f3w i fal. Dzi\u0119ki temu zabiegowi b\u0119bny odzyskuj\u0105 maksymaln\u0105 skuteczno\u015b\u0107 hamowania.<\/h5>\t\t\t\t\t<\/div>\n\t\t\t\t\t\t<\/div>\n\t\t\t\t<\/div>\n\t\t\t\t<div class=\"elementor-element elementor-element-fb1ec09 elementor-widget elementor-widget-image-gallery\" data-id=\"fb1ec09\" data-element_type=\"widget\" data-widget_type=\"image-gallery.default\">\n\t\t\t\t<div class=\"elementor-widget-container\">\n\t\t\t\t\t<div class=\"elementor-image-gallery\">\n\t\t\t<div id='gallery-1' class='gallery galleryid-713 gallery-columns-2 gallery-size-large'><figure class='gallery-item'>\n\t\t\t<div class='gallery-icon landscape'>\n\t\t\t\t<a data-elementor-open-lightbox=\"yes\" data-elementor-lightbox-slideshow=\"fb1ec09\" data-elementor-lightbox-title=\"REGENERACJA KIESZENI \u0141O\u017bYSKOWYCH\" href='http:\/\/www.retrotechnik.pl\/wp-content\/uploads\/2021\/08\/REGENERACJA-KIESZENI-LOZYSKOWYCH.jpg'><img width=\"1024\" height=\"1024\" src=\"http:\/\/www.retrotechnik.pl\/wp-content\/uploads\/2021\/08\/REGENERACJA-KIESZENI-LOZYSKOWYCH-1024x1024.jpg\" class=\"attachment-large size-large\" alt=\"\" srcset=\"http:\/\/www.retrotechnik.pl\/wp-content\/uploads\/2021\/08\/REGENERACJA-KIESZENI-LOZYSKOWYCH-1024x1024.jpg 1024w, http:\/\/www.retrotechnik.pl\/wp-content\/uploads\/2021\/08\/REGENERACJA-KIESZENI-LOZYSKOWYCH-300x300.jpg 300w, http:\/\/www.retrotechnik.pl\/wp-content\/uploads\/2021\/08\/REGENERACJA-KIESZENI-LOZYSKOWYCH-150x150.jpg 150w, http:\/\/www.retrotechnik.pl\/wp-content\/uploads\/2021\/08\/REGENERACJA-KIESZENI-LOZYSKOWYCH-768x768.jpg 768w, http:\/\/www.retrotechnik.pl\/wp-content\/uploads\/2021\/08\/REGENERACJA-KIESZENI-LOZYSKOWYCH.jpg 1080w\" sizes=\"(max-width: 1024px) 100vw, 1024px\" \/><\/a>\n\t\t\t<\/div><\/figure><figure class='gallery-item'>\n\t\t\t<div class='gallery-icon landscape'>\n\t\t\t\t<a data-elementor-open-lightbox=\"yes\" data-elementor-lightbox-slideshow=\"fb1ec09\" data-elementor-lightbox-title=\"Planowanie p\u0142aszczyzn\" href='http:\/\/www.retrotechnik.pl\/wp-content\/uploads\/2021\/08\/Planowanie-plaszczyzn.jpg'><img width=\"1024\" height=\"1024\" src=\"http:\/\/www.retrotechnik.pl\/wp-content\/uploads\/2021\/08\/Planowanie-plaszczyzn-1024x1024.jpg\" class=\"attachment-large size-large\" alt=\"\" srcset=\"http:\/\/www.retrotechnik.pl\/wp-content\/uploads\/2021\/08\/Planowanie-plaszczyzn-1024x1024.jpg 1024w, http:\/\/www.retrotechnik.pl\/wp-content\/uploads\/2021\/08\/Planowanie-plaszczyzn-300x300.jpg 300w, http:\/\/www.retrotechnik.pl\/wp-content\/uploads\/2021\/08\/Planowanie-plaszczyzn-150x150.jpg 150w, http:\/\/www.retrotechnik.pl\/wp-content\/uploads\/2021\/08\/Planowanie-plaszczyzn-768x768.jpg 768w, http:\/\/www.retrotechnik.pl\/wp-content\/uploads\/2021\/08\/Planowanie-plaszczyzn.jpg 1080w\" sizes=\"(max-width: 1024px) 100vw, 1024px\" \/><\/a>\n\t\t\t<\/div><\/figure><figure class='gallery-item'>\n\t\t\t<div class='gallery-icon landscape'>\n\t\t\t\t<a data-elementor-open-lightbox=\"yes\" data-elementor-lightbox-slideshow=\"fb1ec09\" data-elementor-lightbox-title=\"Exploring San Francisco Youtube Thumbnail\" href='http:\/\/www.retrotechnik.pl\/wp-content\/uploads\/2021\/04\/Exploring-San-Francisco-Youtube-Thumbnail.jpg'><img width=\"1024\" height=\"576\" src=\"http:\/\/www.retrotechnik.pl\/wp-content\/uploads\/2021\/04\/Exploring-San-Francisco-Youtube-Thumbnail-1024x576.jpg\" class=\"attachment-large size-large\" alt=\"\" srcset=\"http:\/\/www.retrotechnik.pl\/wp-content\/uploads\/2021\/04\/Exploring-San-Francisco-Youtube-Thumbnail-1024x576.jpg 1024w, http:\/\/www.retrotechnik.pl\/wp-content\/uploads\/2021\/04\/Exploring-San-Francisco-Youtube-Thumbnail-300x169.jpg 300w, http:\/\/www.retrotechnik.pl\/wp-content\/uploads\/2021\/04\/Exploring-San-Francisco-Youtube-Thumbnail-768x432.jpg 768w, http:\/\/www.retrotechnik.pl\/wp-content\/uploads\/2021\/04\/Exploring-San-Francisco-Youtube-Thumbnail.jpg 1280w\" sizes=\"(max-width: 1024px) 100vw, 1024px\" \/><\/a>\n\t\t\t<\/div><\/figure><figure class='gallery-item'>\n\t\t\t<div class='gallery-icon landscape'>\n\t\t\t\t<a data-elementor-open-lightbox=\"yes\" data-elementor-lightbox-slideshow=\"fb1ec09\" data-elementor-lightbox-title=\"frezarka mz\" href='http:\/\/www.retrotechnik.pl\/wp-content\/uploads\/2021\/12\/frezarka-mz.jpg'><img width=\"1024\" height=\"1024\" src=\"http:\/\/www.retrotechnik.pl\/wp-content\/uploads\/2021\/12\/frezarka-mz-1024x1024.jpg\" class=\"attachment-large size-large\" alt=\"\" srcset=\"http:\/\/www.retrotechnik.pl\/wp-content\/uploads\/2021\/12\/frezarka-mz-1024x1024.jpg 1024w, http:\/\/www.retrotechnik.pl\/wp-content\/uploads\/2021\/12\/frezarka-mz-300x300.jpg 300w, http:\/\/www.retrotechnik.pl\/wp-content\/uploads\/2021\/12\/frezarka-mz-150x150.jpg 150w, http:\/\/www.retrotechnik.pl\/wp-content\/uploads\/2021\/12\/frezarka-mz-768x768.jpg 768w, http:\/\/www.retrotechnik.pl\/wp-content\/uploads\/2021\/12\/frezarka-mz.jpg 1080w\" sizes=\"(max-width: 1024px) 100vw, 1024px\" \/><\/a>\n\t\t\t<\/div><\/figure><figure class='gallery-item'>\n\t\t\t<div class='gallery-icon landscape'>\n\t\t\t\t<a data-elementor-open-lightbox=\"yes\" data-elementor-lightbox-slideshow=\"fb1ec09\" data-elementor-lightbox-title=\"Usprawnianie podstawy zmieniacza bieg\u00f3w\" href='http:\/\/www.retrotechnik.pl\/wp-content\/uploads\/2021\/08\/Usprawnianie-podstawy-zmieniacza-biegow.jpg'><img width=\"1024\" height=\"1024\" src=\"http:\/\/www.retrotechnik.pl\/wp-content\/uploads\/2021\/08\/Usprawnianie-podstawy-zmieniacza-biegow-1024x1024.jpg\" class=\"attachment-large size-large\" alt=\"\" srcset=\"http:\/\/www.retrotechnik.pl\/wp-content\/uploads\/2021\/08\/Usprawnianie-podstawy-zmieniacza-biegow-1024x1024.jpg 1024w, http:\/\/www.retrotechnik.pl\/wp-content\/uploads\/2021\/08\/Usprawnianie-podstawy-zmieniacza-biegow-300x300.jpg 300w, http:\/\/www.retrotechnik.pl\/wp-content\/uploads\/2021\/08\/Usprawnianie-podstawy-zmieniacza-biegow-150x150.jpg 150w, http:\/\/www.retrotechnik.pl\/wp-content\/uploads\/2021\/08\/Usprawnianie-podstawy-zmieniacza-biegow-768x768.jpg 768w, http:\/\/www.retrotechnik.pl\/wp-content\/uploads\/2021\/08\/Usprawnianie-podstawy-zmieniacza-biegow.jpg 1080w\" sizes=\"(max-width: 1024px) 100vw, 1024px\" \/><\/a>\n\t\t\t<\/div><\/figure><figure class='gallery-item'>\n\t\t\t<div class='gallery-icon landscape'>\n\t\t\t\t<a data-elementor-open-lightbox=\"yes\" data-elementor-lightbox-slideshow=\"fb1ec09\" data-elementor-lightbox-title=\"Frezowanie napis\u00f3w (2)\" href='http:\/\/www.retrotechnik.pl\/wp-content\/uploads\/2021\/04\/Frezowanie-napisow-2.png'><img width=\"1024\" height=\"1024\" src=\"http:\/\/www.retrotechnik.pl\/wp-content\/uploads\/2021\/04\/Frezowanie-napisow-2-1024x1024.png\" class=\"attachment-large size-large\" alt=\"\" srcset=\"http:\/\/www.retrotechnik.pl\/wp-content\/uploads\/2021\/04\/Frezowanie-napisow-2-1024x1024.png 1024w, http:\/\/www.retrotechnik.pl\/wp-content\/uploads\/2021\/04\/Frezowanie-napisow-2-300x300.png 300w, http:\/\/www.retrotechnik.pl\/wp-content\/uploads\/2021\/04\/Frezowanie-napisow-2-150x150.png 150w, http:\/\/www.retrotechnik.pl\/wp-content\/uploads\/2021\/04\/Frezowanie-napisow-2-768x768.png 768w, http:\/\/www.retrotechnik.pl\/wp-content\/uploads\/2021\/04\/Frezowanie-napisow-2.png 1080w\" sizes=\"(max-width: 1024px) 100vw, 1024px\" \/><\/a>\n\t\t\t<\/div><\/figure><figure class='gallery-item'>\n\t\t\t<div class='gallery-icon landscape'>\n\t\t\t\t<a data-elementor-open-lightbox=\"yes\" data-elementor-lightbox-slideshow=\"fb1ec09\" data-elementor-lightbox-title=\"image0011\" href='http:\/\/www.retrotechnik.pl\/wp-content\/uploads\/2021\/01\/image0011-11.jpg'><img width=\"1024\" height=\"683\" src=\"http:\/\/www.retrotechnik.pl\/wp-content\/uploads\/2021\/01\/image0011-11-1024x683.jpg\" class=\"attachment-large size-large\" alt=\"\" srcset=\"http:\/\/www.retrotechnik.pl\/wp-content\/uploads\/2021\/01\/image0011-11-1024x683.jpg 1024w, http:\/\/www.retrotechnik.pl\/wp-content\/uploads\/2021\/01\/image0011-11-300x200.jpg 300w, http:\/\/www.retrotechnik.pl\/wp-content\/uploads\/2021\/01\/image0011-11-768x512.jpg 768w, http:\/\/www.retrotechnik.pl\/wp-content\/uploads\/2021\/01\/image0011-11-1536x1024.jpg 1536w, http:\/\/www.retrotechnik.pl\/wp-content\/uploads\/2021\/01\/image0011-11-2048x1366.jpg 2048w\" sizes=\"(max-width: 1024px) 100vw, 1024px\" \/><\/a>\n\t\t\t<\/div><\/figure><figure class='gallery-item'>\n\t\t\t<div class='gallery-icon portrait'>\n\t\t\t\t<a data-elementor-open-lightbox=\"yes\" data-elementor-lightbox-slideshow=\"fb1ec09\" data-elementor-lightbox-title=\"84699429_573026486946240_5686616508986294272_n\" href='http:\/\/www.retrotechnik.pl\/wp-content\/uploads\/2021\/01\/84699429_573026486946240_5686616508986294272_n.jpg'><img width=\"768\" height=\"1024\" src=\"http:\/\/www.retrotechnik.pl\/wp-content\/uploads\/2021\/01\/84699429_573026486946240_5686616508986294272_n-768x1024.jpg\" class=\"attachment-large size-large\" alt=\"\" srcset=\"http:\/\/www.retrotechnik.pl\/wp-content\/uploads\/2021\/01\/84699429_573026486946240_5686616508986294272_n-768x1024.jpg 768w, http:\/\/www.retrotechnik.pl\/wp-content\/uploads\/2021\/01\/84699429_573026486946240_5686616508986294272_n-225x300.jpg 225w, http:\/\/www.retrotechnik.pl\/wp-content\/uploads\/2021\/01\/84699429_573026486946240_5686616508986294272_n-1152x1536.jpg 1152w, http:\/\/www.retrotechnik.pl\/wp-content\/uploads\/2021\/01\/84699429_573026486946240_5686616508986294272_n.jpg 1536w\" sizes=\"(max-width: 768px) 100vw, 768px\" \/><\/a>\n\t\t\t<\/div><\/figure><figure class='gallery-item'>\n\t\t\t<div class='gallery-icon landscape'>\n\t\t\t\t<a data-elementor-open-lightbox=\"yes\" data-elementor-lightbox-slideshow=\"fb1ec09\" data-elementor-lightbox-title=\"image0051\" href='http:\/\/www.retrotechnik.pl\/wp-content\/uploads\/2021\/01\/image0051-7.jpg'><img width=\"1024\" height=\"683\" src=\"http:\/\/www.retrotechnik.pl\/wp-content\/uploads\/2021\/01\/image0051-7-1024x683.jpg\" class=\"attachment-large size-large\" alt=\"\" srcset=\"http:\/\/www.retrotechnik.pl\/wp-content\/uploads\/2021\/01\/image0051-7-1024x683.jpg 1024w, http:\/\/www.retrotechnik.pl\/wp-content\/uploads\/2021\/01\/image0051-7-300x200.jpg 300w, http:\/\/www.retrotechnik.pl\/wp-content\/uploads\/2021\/01\/image0051-7-768x512.jpg 768w, http:\/\/www.retrotechnik.pl\/wp-content\/uploads\/2021\/01\/image0051-7-1536x1024.jpg 1536w, http:\/\/www.retrotechnik.pl\/wp-content\/uploads\/2021\/01\/image0051-7-2048x1366.jpg 2048w\" sizes=\"(max-width: 1024px) 100vw, 1024px\" \/><\/a>\n\t\t\t<\/div><\/figure><figure class='gallery-item'>\n\t\t\t<div class='gallery-icon landscape'>\n\t\t\t\t<a data-elementor-open-lightbox=\"yes\" data-elementor-lightbox-slideshow=\"fb1ec09\" data-elementor-lightbox-title=\"regeneracja kieszeni pod tulejki oraz wstawianie nowych tulejek \u015blizgowych\" href='http:\/\/www.retrotechnik.pl\/wp-content\/uploads\/2021\/08\/regeneracja-kieszeni-pod-tulejki-oraz-wstawianie-nowych-tulejek-slizgowych.jpg'><img width=\"1024\" height=\"1024\" src=\"http:\/\/www.retrotechnik.pl\/wp-content\/uploads\/2021\/08\/regeneracja-kieszeni-pod-tulejki-oraz-wstawianie-nowych-tulejek-slizgowych-1024x1024.jpg\" class=\"attachment-large size-large\" alt=\"\" srcset=\"http:\/\/www.retrotechnik.pl\/wp-content\/uploads\/2021\/08\/regeneracja-kieszeni-pod-tulejki-oraz-wstawianie-nowych-tulejek-slizgowych-1024x1024.jpg 1024w, http:\/\/www.retrotechnik.pl\/wp-content\/uploads\/2021\/08\/regeneracja-kieszeni-pod-tulejki-oraz-wstawianie-nowych-tulejek-slizgowych-300x300.jpg 300w, http:\/\/www.retrotechnik.pl\/wp-content\/uploads\/2021\/08\/regeneracja-kieszeni-pod-tulejki-oraz-wstawianie-nowych-tulejek-slizgowych-150x150.jpg 150w, http:\/\/www.retrotechnik.pl\/wp-content\/uploads\/2021\/08\/regeneracja-kieszeni-pod-tulejki-oraz-wstawianie-nowych-tulejek-slizgowych-768x768.jpg 768w, http:\/\/www.retrotechnik.pl\/wp-content\/uploads\/2021\/08\/regeneracja-kieszeni-pod-tulejki-oraz-wstawianie-nowych-tulejek-slizgowych.jpg 1080w\" sizes=\"(max-width: 1024px) 100vw, 1024px\" \/><\/a>\n\t\t\t<\/div><\/figure><figure class='gallery-item'>\n\t\t\t<div class='gallery-icon landscape'>\n\t\t\t\t<a data-elementor-open-lightbox=\"yes\" data-elementor-lightbox-slideshow=\"fb1ec09\" data-elementor-lightbox-title=\"image0011\" href='http:\/\/www.retrotechnik.pl\/wp-content\/uploads\/2021\/01\/image0011-10.jpg'><img width=\"1024\" height=\"683\" src=\"http:\/\/www.retrotechnik.pl\/wp-content\/uploads\/2021\/01\/image0011-10-1024x683.jpg\" class=\"attachment-large size-large\" alt=\"\" srcset=\"http:\/\/www.retrotechnik.pl\/wp-content\/uploads\/2021\/01\/image0011-10-1024x683.jpg 1024w, http:\/\/www.retrotechnik.pl\/wp-content\/uploads\/2021\/01\/image0011-10-300x200.jpg 300w, http:\/\/www.retrotechnik.pl\/wp-content\/uploads\/2021\/01\/image0011-10-768x512.jpg 768w, http:\/\/www.retrotechnik.pl\/wp-content\/uploads\/2021\/01\/image0011-10-1536x1024.jpg 1536w, http:\/\/www.retrotechnik.pl\/wp-content\/uploads\/2021\/01\/image0011-10-2048x1366.jpg 2048w\" sizes=\"(max-width: 1024px) 100vw, 1024px\" \/><\/a>\n\t\t\t<\/div><\/figure><figure class='gallery-item'>\n\t\t\t<div class='gallery-icon landscape'>\n\t\t\t\t<a data-elementor-open-lightbox=\"yes\" data-elementor-lightbox-slideshow=\"fb1ec09\" data-elementor-lightbox-title=\"Frezowanie napis\u00f3w\" href='http:\/\/www.retrotechnik.pl\/wp-content\/uploads\/2021\/04\/Frezowanie-napisow.png'><img width=\"1024\" height=\"1024\" src=\"http:\/\/www.retrotechnik.pl\/wp-content\/uploads\/2021\/04\/Frezowanie-napisow-1024x1024.png\" class=\"attachment-large size-large\" alt=\"\" srcset=\"http:\/\/www.retrotechnik.pl\/wp-content\/uploads\/2021\/04\/Frezowanie-napisow-1024x1024.png 1024w, http:\/\/www.retrotechnik.pl\/wp-content\/uploads\/2021\/04\/Frezowanie-napisow-300x300.png 300w, http:\/\/www.retrotechnik.pl\/wp-content\/uploads\/2021\/04\/Frezowanie-napisow-150x150.png 150w, http:\/\/www.retrotechnik.pl\/wp-content\/uploads\/2021\/04\/Frezowanie-napisow-768x768.png 768w, http:\/\/www.retrotechnik.pl\/wp-content\/uploads\/2021\/04\/Frezowanie-napisow.png 1080w\" sizes=\"(max-width: 1024px) 100vw, 1024px\" \/><\/a>\n\t\t\t<\/div><\/figure><figure class='gallery-item'>\n\t\t\t<div class='gallery-icon landscape'>\n\t\t\t\t<a data-elementor-open-lightbox=\"yes\" data-elementor-lightbox-slideshow=\"fb1ec09\" data-elementor-lightbox-title=\"image0041\" href='http:\/\/www.retrotechnik.pl\/wp-content\/uploads\/2021\/01\/image0041-8.jpg'><img width=\"1024\" height=\"683\" src=\"http:\/\/www.retrotechnik.pl\/wp-content\/uploads\/2021\/01\/image0041-8-1024x683.jpg\" class=\"attachment-large size-large\" alt=\"\" srcset=\"http:\/\/www.retrotechnik.pl\/wp-content\/uploads\/2021\/01\/image0041-8-1024x683.jpg 1024w, http:\/\/www.retrotechnik.pl\/wp-content\/uploads\/2021\/01\/image0041-8-300x200.jpg 300w, http:\/\/www.retrotechnik.pl\/wp-content\/uploads\/2021\/01\/image0041-8-768x512.jpg 768w, http:\/\/www.retrotechnik.pl\/wp-content\/uploads\/2021\/01\/image0041-8-1536x1024.jpg 1536w, http:\/\/www.retrotechnik.pl\/wp-content\/uploads\/2021\/01\/image0041-8-2048x1366.jpg 2048w\" sizes=\"(max-width: 1024px) 100vw, 1024px\" \/><\/a>\n\t\t\t<\/div><\/figure><figure class='gallery-item'>\n\t\t\t<div class='gallery-icon landscape'>\n\t\t\t\t<a data-elementor-open-lightbox=\"yes\" data-elementor-lightbox-slideshow=\"fb1ec09\" data-elementor-lightbox-title=\"image0021\" href='http:\/\/www.retrotechnik.pl\/wp-content\/uploads\/2021\/01\/image0021-11.jpg'><img width=\"1024\" height=\"683\" src=\"http:\/\/www.retrotechnik.pl\/wp-content\/uploads\/2021\/01\/image0021-11-1024x683.jpg\" class=\"attachment-large size-large\" alt=\"\" srcset=\"http:\/\/www.retrotechnik.pl\/wp-content\/uploads\/2021\/01\/image0021-11-1024x683.jpg 1024w, http:\/\/www.retrotechnik.pl\/wp-content\/uploads\/2021\/01\/image0021-11-300x200.jpg 300w, http:\/\/www.retrotechnik.pl\/wp-content\/uploads\/2021\/01\/image0021-11-768x512.jpg 768w, http:\/\/www.retrotechnik.pl\/wp-content\/uploads\/2021\/01\/image0021-11-1536x1024.jpg 1536w, http:\/\/www.retrotechnik.pl\/wp-content\/uploads\/2021\/01\/image0021-11-2048x1366.jpg 2048w\" sizes=\"(max-width: 1024px) 100vw, 1024px\" \/><\/a>\n\t\t\t<\/div><\/figure><figure class='gallery-item'>\n\t\t\t<div class='gallery-icon landscape'>\n\t\t\t\t<a data-elementor-open-lightbox=\"yes\" data-elementor-lightbox-slideshow=\"fb1ec09\" data-elementor-lightbox-title=\"Nowe panewki do junaka\" href='http:\/\/www.retrotechnik.pl\/wp-content\/uploads\/2021\/08\/Nowe-panewki-do-junaka.jpg'><img width=\"1024\" height=\"1024\" src=\"http:\/\/www.retrotechnik.pl\/wp-content\/uploads\/2021\/08\/Nowe-panewki-do-junaka-1024x1024.jpg\" class=\"attachment-large size-large\" alt=\"\" srcset=\"http:\/\/www.retrotechnik.pl\/wp-content\/uploads\/2021\/08\/Nowe-panewki-do-junaka-1024x1024.jpg 1024w, http:\/\/www.retrotechnik.pl\/wp-content\/uploads\/2021\/08\/Nowe-panewki-do-junaka-300x300.jpg 300w, http:\/\/www.retrotechnik.pl\/wp-content\/uploads\/2021\/08\/Nowe-panewki-do-junaka-150x150.jpg 150w, http:\/\/www.retrotechnik.pl\/wp-content\/uploads\/2021\/08\/Nowe-panewki-do-junaka-768x768.jpg 768w, http:\/\/www.retrotechnik.pl\/wp-content\/uploads\/2021\/08\/Nowe-panewki-do-junaka.jpg 1080w\" sizes=\"(max-width: 1024px) 100vw, 1024px\" \/><\/a>\n\t\t\t<\/div><\/figure><figure class='gallery-item'>\n\t\t\t<div class='gallery-icon landscape'>\n\t\t\t\t<a data-elementor-open-lightbox=\"yes\" data-elementor-lightbox-slideshow=\"fb1ec09\" data-elementor-lightbox-title=\"image0151\" href='http:\/\/www.retrotechnik.pl\/wp-content\/uploads\/2021\/01\/image0151-3.jpg'><img width=\"1024\" height=\"768\" src=\"http:\/\/www.retrotechnik.pl\/wp-content\/uploads\/2021\/01\/image0151-3-1024x768.jpg\" class=\"attachment-large size-large\" alt=\"\" srcset=\"http:\/\/www.retrotechnik.pl\/wp-content\/uploads\/2021\/01\/image0151-3-1024x768.jpg 1024w, http:\/\/www.retrotechnik.pl\/wp-content\/uploads\/2021\/01\/image0151-3-300x225.jpg 300w, http:\/\/www.retrotechnik.pl\/wp-content\/uploads\/2021\/01\/image0151-3-768x576.jpg 768w, http:\/\/www.retrotechnik.pl\/wp-content\/uploads\/2021\/01\/image0151-3-1536x1152.jpg 1536w, http:\/\/www.retrotechnik.pl\/wp-content\/uploads\/2021\/01\/image0151-3.jpg 1997w\" sizes=\"(max-width: 1024px) 100vw, 1024px\" \/><\/a>\n\t\t\t<\/div><\/figure><figure class='gallery-item'>\n\t\t\t<div class='gallery-icon landscape'>\n\t\t\t\t<a data-elementor-open-lightbox=\"yes\" data-elementor-lightbox-slideshow=\"fb1ec09\" data-elementor-lightbox-title=\"bebny wsk\" href='http:\/\/www.retrotechnik.pl\/wp-content\/uploads\/2021\/12\/bebny-wsk-1.jpg'><img width=\"1024\" height=\"1024\" src=\"http:\/\/www.retrotechnik.pl\/wp-content\/uploads\/2021\/12\/bebny-wsk-1-1024x1024.jpg\" class=\"attachment-large size-large\" alt=\"\" srcset=\"http:\/\/www.retrotechnik.pl\/wp-content\/uploads\/2021\/12\/bebny-wsk-1-1024x1024.jpg 1024w, http:\/\/www.retrotechnik.pl\/wp-content\/uploads\/2021\/12\/bebny-wsk-1-300x300.jpg 300w, http:\/\/www.retrotechnik.pl\/wp-content\/uploads\/2021\/12\/bebny-wsk-1-150x150.jpg 150w, http:\/\/www.retrotechnik.pl\/wp-content\/uploads\/2021\/12\/bebny-wsk-1-768x768.jpg 768w, http:\/\/www.retrotechnik.pl\/wp-content\/uploads\/2021\/12\/bebny-wsk-1.jpg 1080w\" sizes=\"(max-width: 1024px) 100vw, 1024px\" \/><\/a>\n\t\t\t<\/div><\/figure>\n\t\t<\/div>\n\t\t<\/div>\n\t\t\t\t<\/div>\n\t\t\t\t<\/div>\n\t\t\t\t\t\t<\/div>\n\t\t\t\t\t<\/div>\n\t\t<\/div>\n\t\t\t\t\t\t\t\t<\/div>\n\t\t\t\t\t<\/div>\n\t\t<\/section>\n\t\t\t\t\t\t<\/div>\n\t\t\t\t\t\t<\/div>\n\t\t\t\t\t<\/div>\n\t\t","protected":false},"excerpt":{"rendered":"<p>Przetaczanie b\u0119bn\u00f3w hamulcowych Przetaczanie b\u0119bn\u00f3w polega na wyr\u00f3wnaniu wszystkich rowk\u00f3w i fal. Dzi\u0119ki temu zabiegowi b\u0119bny odzyskuj\u0105 maksymaln\u0105 skuteczno\u015b\u0107 hamowania.<\/p>\n","protected":false},"author":1,"featured_media":0,"parent":0,"menu_order":0,"comment_status":"closed","ping_status":"closed","template":"","meta":[],"_links":{"self":[{"href":"http:\/\/www.retrotechnik.pl\/index.php\/wp-json\/wp\/v2\/pages\/713"}],"collection":[{"href":"http:\/\/www.retrotechnik.pl\/index.php\/wp-json\/wp\/v2\/pages"}],"about":[{"href":"http:\/\/www.retrotechnik.pl\/index.php\/wp-json\/wp\/v2\/types\/page"}],"author":[{"embeddable":true,"href":"http:\/\/www.retrotechnik.pl\/index.php\/wp-json\/wp\/v2\/users\/1"}],"replies":[{"embeddable":true,"href":"http:\/\/www.retrotechnik.pl\/index.php\/wp-json\/wp\/v2\/comments?post=713"}],"version-history":[{"count":31,"href":"http:\/\/www.retrotechnik.pl\/index.php\/wp-json\/wp\/v2\/pages\/713\/revisions"}],"predecessor-version":[{"id":1345,"href":"http:\/\/www.retrotechnik.pl\/index.php\/wp-json\/wp\/v2\/pages\/713\/revisions\/1345"}],"wp:attachment":[{"href":"http:\/\/www.retrotechnik.pl\/index.php\/wp-json\/wp\/v2\/media?parent=713"}],"curies":[{"name":"wp","href":"https:\/\/api.w.org\/{rel}","templated":true}]}}