{"id":882,"date":"2021-02-07T10:41:33","date_gmt":"2021-02-07T10:41:33","guid":{"rendered":"http:\/\/www.retrotechnik.pl\/?page_id=882"},"modified":"2021-03-15T22:03:58","modified_gmt":"2021-03-15T22:03:58","slug":"oczyszczanie-i-zabezpieczanie-bakow","status":"publish","type":"page","link":"http:\/\/www.retrotechnik.pl\/index.php\/oczyszczanie-i-zabezpieczanie-bakow\/","title":{"rendered":"Oczyszczanie i zabezpieczanie bak\u00f3w"},"content":{"rendered":"\t\t<div data-elementor-type=\"wp-page\" data-elementor-id=\"882\" class=\"elementor elementor-882\" data-elementor-settings=\"[]\">\n\t\t\t\t\t\t<div class=\"elementor-inner\">\n\t\t\t\t\t\t\t<div class=\"elementor-section-wrap\">\n\t\t\t\t\t\t\t<section class=\"elementor-section elementor-top-section elementor-element elementor-element-04ec22c elementor-section-boxed elementor-section-height-default elementor-section-height-default\" data-id=\"04ec22c\" data-element_type=\"section\">\n\t\t\t\t\t\t<div class=\"elementor-container elementor-column-gap-default\">\n\t\t\t\t\t\t\t<div class=\"elementor-row\">\n\t\t\t\t\t<div class=\"elementor-column elementor-col-100 elementor-top-column elementor-element elementor-element-6a20197\" data-id=\"6a20197\" data-element_type=\"column\">\n\t\t\t<div class=\"elementor-column-wrap elementor-element-populated\">\n\t\t\t\t\t\t\t<div class=\"elementor-widget-wrap\">\n\t\t\t\t\t\t<div class=\"elementor-element elementor-element-85d8c3d elementor-widget elementor-widget-heading\" data-id=\"85d8c3d\" data-element_type=\"widget\" data-widget_type=\"heading.default\">\n\t\t\t\t<div class=\"elementor-widget-container\">\n\t\t\t<h2 class=\"elementor-heading-title elementor-size-default\">UWAGA ! Nie nie rozcinamy bak\u00f3w ! <\/h2>\t\t<\/div>\n\t\t\t\t<\/div>\n\t\t\t\t<div class=\"elementor-element elementor-element-e5b16dc elementor-widget elementor-widget-text-editor\" data-id=\"e5b16dc\" data-element_type=\"widget\" data-widget_type=\"text-editor.default\">\n\t\t\t\t<div class=\"elementor-widget-container\">\n\t\t\t\t\t\t\t\t<div class=\"elementor-text-editor elementor-clearfix\">\n\t\t\t\t<h4>czyszczanie bak\u00f3w z rdzy<\/h4><h5 class=\"role\">Rdza w baku ? Niby nic takiego, ka\u017cdy ma jej troch\u0119 wi\u0119cej lub mniej. Jednak nie ka\u017cdy zdaje sobie sprawe z konsekwencji tego zaniedbania. Tw\u00f3j motocykl nie r\u00f3wno pracuje, czasem &#8220;kaszle&#8221; albo przy dodawaniu gazu nawgle brakuje mocy ? No przecie\u017c dopieco co uststawia\u0142em zap\u0142on&#8230;.. itp Takie s\u0105 obiawy syfu kt\u00f3ry potrafi dosta\u0107 si\u0119 do ga\u017anika cz\u0119sto pomimo filtra paliwa. Taka pierdo\u0142a potrafi zepsu\u0107 niedzieln\u0105 wycieczk\u0119. Oczy\u015bcimy Tw\u00f3j bak z rdzy oraz przy pomocy specjalnej maszyny umalujemy ka\u017cdy zakamarek Twojego baku r\u00f3wn\u0105 warstw\u0105 specjalnej chemoodpornej farby. Wszystko to robimy *BEZINWAZYJNIE* !<\/h5>\t\t\t\t\t<\/div>\n\t\t\t\t\t\t<\/div>\n\t\t\t\t<\/div>\n\t\t\t\t\t\t<\/div>\n\t\t\t\t\t<\/div>\n\t\t<\/div>\n\t\t\t\t\t\t\t\t<\/div>\n\t\t\t\t\t<\/div>\n\t\t<\/section>\n\t\t\t\t<section class=\"elementor-section elementor-top-section elementor-element elementor-element-2a02020 elementor-section-boxed elementor-section-height-default elementor-section-height-default\" data-id=\"2a02020\" data-element_type=\"section\">\n\t\t\t\t\t\t<div class=\"elementor-container elementor-column-gap-default\">\n\t\t\t\t\t\t\t<div class=\"elementor-row\">\n\t\t\t\t\t<div class=\"elementor-column elementor-col-100 elementor-top-column elementor-element elementor-element-fec7230\" data-id=\"fec7230\" data-element_type=\"column\">\n\t\t\t<div class=\"elementor-column-wrap elementor-element-populated\">\n\t\t\t\t\t\t\t<div class=\"elementor-widget-wrap\">\n\t\t\t\t\t\t<div class=\"elementor-element elementor-element-8c3740b elementor-widget elementor-widget-image-gallery\" data-id=\"8c3740b\" data-element_type=\"widget\" data-widget_type=\"image-gallery.default\">\n\t\t\t\t<div class=\"elementor-widget-container\">\n\t\t\t\t\t<div class=\"elementor-image-gallery\">\n\t\t\t<div id='gallery-1' class='gallery galleryid-882 gallery-columns-2 gallery-size-medium_large'><figure class='gallery-item'>\n\t\t\t<div class='gallery-icon landscape'>\n\t\t\t\t<a data-elementor-open-lightbox=\"yes\" data-elementor-lightbox-slideshow=\"8c3740b\" data-elementor-lightbox-title=\"79756467_766528157146690_5661695064330469376_n\" href='http:\/\/www.retrotechnik.pl\/wp-content\/uploads\/2021\/02\/79756467_766528157146690_5661695064330469376_n.jpg'><img width=\"768\" height=\"432\" src=\"http:\/\/www.retrotechnik.pl\/wp-content\/uploads\/2021\/02\/79756467_766528157146690_5661695064330469376_n-768x432.jpg\" class=\"attachment-medium_large size-medium_large\" alt=\"\" srcset=\"http:\/\/www.retrotechnik.pl\/wp-content\/uploads\/2021\/02\/79756467_766528157146690_5661695064330469376_n-768x432.jpg 768w, http:\/\/www.retrotechnik.pl\/wp-content\/uploads\/2021\/02\/79756467_766528157146690_5661695064330469376_n-300x169.jpg 300w, http:\/\/www.retrotechnik.pl\/wp-content\/uploads\/2021\/02\/79756467_766528157146690_5661695064330469376_n-1024x576.jpg 1024w, http:\/\/www.retrotechnik.pl\/wp-content\/uploads\/2021\/02\/79756467_766528157146690_5661695064330469376_n-1536x864.jpg 1536w, http:\/\/www.retrotechnik.pl\/wp-content\/uploads\/2021\/02\/79756467_766528157146690_5661695064330469376_n.jpg 2016w\" sizes=\"(max-width: 768px) 100vw, 768px\" \/><\/a>\n\t\t\t<\/div><\/figure><figure class='gallery-item'>\n\t\t\t<div class='gallery-icon landscape'>\n\t\t\t\t<a data-elementor-open-lightbox=\"yes\" data-elementor-lightbox-slideshow=\"8c3740b\" data-elementor-lightbox-title=\"vfvd\" href='http:\/\/www.retrotechnik.pl\/wp-content\/uploads\/2021\/02\/vfvd.jpg'><img width=\"768\" height=\"509\" src=\"http:\/\/www.retrotechnik.pl\/wp-content\/uploads\/2021\/02\/vfvd-768x509.jpg\" class=\"attachment-medium_large size-medium_large\" alt=\"\" srcset=\"http:\/\/www.retrotechnik.pl\/wp-content\/uploads\/2021\/02\/vfvd-768x509.jpg 768w, http:\/\/www.retrotechnik.pl\/wp-content\/uploads\/2021\/02\/vfvd-300x199.jpg 300w, http:\/\/www.retrotechnik.pl\/wp-content\/uploads\/2021\/02\/vfvd-1024x679.jpg 1024w, http:\/\/www.retrotechnik.pl\/wp-content\/uploads\/2021\/02\/vfvd.jpg 1092w\" sizes=\"(max-width: 768px) 100vw, 768px\" \/><\/a>\n\t\t\t<\/div><\/figure><figure class='gallery-item'>\n\t\t\t<div class='gallery-icon landscape'>\n\t\t\t\t<a data-elementor-open-lightbox=\"yes\" data-elementor-lightbox-slideshow=\"8c3740b\" data-elementor-lightbox-title=\"79149095_491816431452519_2298103009994866688_n\" href='http:\/\/www.retrotechnik.pl\/wp-content\/uploads\/2021\/02\/79149095_491816431452519_2298103009994866688_n.jpg'><img width=\"768\" height=\"432\" src=\"http:\/\/www.retrotechnik.pl\/wp-content\/uploads\/2021\/02\/79149095_491816431452519_2298103009994866688_n-768x432.jpg\" class=\"attachment-medium_large size-medium_large\" alt=\"\" srcset=\"http:\/\/www.retrotechnik.pl\/wp-content\/uploads\/2021\/02\/79149095_491816431452519_2298103009994866688_n-768x432.jpg 768w, http:\/\/www.retrotechnik.pl\/wp-content\/uploads\/2021\/02\/79149095_491816431452519_2298103009994866688_n-300x169.jpg 300w, http:\/\/www.retrotechnik.pl\/wp-content\/uploads\/2021\/02\/79149095_491816431452519_2298103009994866688_n-1024x576.jpg 1024w, http:\/\/www.retrotechnik.pl\/wp-content\/uploads\/2021\/02\/79149095_491816431452519_2298103009994866688_n-1536x864.jpg 1536w, http:\/\/www.retrotechnik.pl\/wp-content\/uploads\/2021\/02\/79149095_491816431452519_2298103009994866688_n.jpg 2016w\" sizes=\"(max-width: 768px) 100vw, 768px\" \/><\/a>\n\t\t\t<\/div><\/figure><figure class='gallery-item'>\n\t\t\t<div class='gallery-icon portrait'>\n\t\t\t\t<a data-elementor-open-lightbox=\"yes\" data-elementor-lightbox-slideshow=\"8c3740b\" data-elementor-lightbox-title=\"Projekt bez tytu\u0142u\" href='http:\/\/www.retrotechnik.pl\/wp-content\/uploads\/2021\/03\/Projekt-bez-tytulu-1.jpg'><img width=\"728\" height=\"1074\" src=\"http:\/\/www.retrotechnik.pl\/wp-content\/uploads\/2021\/03\/Projekt-bez-tytulu-1.jpg\" class=\"attachment-medium_large size-medium_large\" alt=\"\" srcset=\"http:\/\/www.retrotechnik.pl\/wp-content\/uploads\/2021\/03\/Projekt-bez-tytulu-1.jpg 728w, http:\/\/www.retrotechnik.pl\/wp-content\/uploads\/2021\/03\/Projekt-bez-tytulu-1-203x300.jpg 203w, http:\/\/www.retrotechnik.pl\/wp-content\/uploads\/2021\/03\/Projekt-bez-tytulu-1-694x1024.jpg 694w\" sizes=\"(max-width: 728px) 100vw, 728px\" \/><\/a>\n\t\t\t<\/div><\/figure><figure class='gallery-item'>\n\t\t\t<div class='gallery-icon portrait'>\n\t\t\t\t<a data-elementor-open-lightbox=\"yes\" data-elementor-lightbox-slideshow=\"8c3740b\" data-elementor-lightbox-title=\"Projekt bez tytu\u0142u\" href='http:\/\/www.retrotechnik.pl\/wp-content\/uploads\/2021\/03\/Projekt-bez-tytulu-1.png'><img width=\"725\" height=\"1051\" src=\"http:\/\/www.retrotechnik.pl\/wp-content\/uploads\/2021\/03\/Projekt-bez-tytulu-1.png\" class=\"attachment-medium_large size-medium_large\" alt=\"\" srcset=\"http:\/\/www.retrotechnik.pl\/wp-content\/uploads\/2021\/03\/Projekt-bez-tytulu-1.png 725w, http:\/\/www.retrotechnik.pl\/wp-content\/uploads\/2021\/03\/Projekt-bez-tytulu-1-207x300.png 207w, http:\/\/www.retrotechnik.pl\/wp-content\/uploads\/2021\/03\/Projekt-bez-tytulu-1-706x1024.png 706w\" sizes=\"(max-width: 725px) 100vw, 725px\" \/><\/a>\n\t\t\t<\/div><\/figure><figure class='gallery-item'>\n\t\t\t<div class='gallery-icon portrait'>\n\t\t\t\t<a data-elementor-open-lightbox=\"yes\" data-elementor-lightbox-slideshow=\"8c3740b\" data-elementor-lightbox-title=\"infraviev009\" href='http:\/\/www.retrotechnik.pl\/wp-content\/uploads\/2021\/03\/infraviev009.jpg'><img width=\"614\" height=\"819\" src=\"http:\/\/www.retrotechnik.pl\/wp-content\/uploads\/2021\/03\/infraviev009.jpg\" class=\"attachment-medium_large size-medium_large\" alt=\"\" srcset=\"http:\/\/www.retrotechnik.pl\/wp-content\/uploads\/2021\/03\/infraviev009.jpg 614w, http:\/\/www.retrotechnik.pl\/wp-content\/uploads\/2021\/03\/infraviev009-225x300.jpg 225w\" sizes=\"(max-width: 614px) 100vw, 614px\" \/><\/a>\n\t\t\t<\/div><\/figure>\n\t\t<\/div>\n\t\t<\/div>\n\t\t\t\t<\/div>\n\t\t\t\t<\/div>\n\t\t\t\t\t\t<\/div>\n\t\t\t\t\t<\/div>\n\t\t<\/div>\n\t\t\t\t\t\t\t\t<\/div>\n\t\t\t\t\t<\/div>\n\t\t<\/section>\n\t\t\t\t\t\t<\/div>\n\t\t\t\t\t\t<\/div>\n\t\t\t\t\t<\/div>\n\t\t","protected":false},"excerpt":{"rendered":"<p>UWAGA ! Nie nie rozcinamy bak\u00f3w ! czyszczanie bak\u00f3w z rdzy Rdza w baku ? Niby nic takiego, ka\u017cdy ma jej troch\u0119 wi\u0119cej lub mniej. Jednak nie ka\u017cdy zdaje sobie sprawe z konsekwencji tego zaniedbania. Tw\u00f3j motocykl nie r\u00f3wno pracuje, czasem &#8220;kaszle&#8221; albo przy dodawaniu gazu nawgle brakuje mocy ? No przecie\u017c dopieco co uststawia\u0142em &hellip;<\/p>\n<p class=\"read-more\"> <a class=\"\" href=\"http:\/\/www.retrotechnik.pl\/index.php\/oczyszczanie-i-zabezpieczanie-bakow\/\"> <span class=\"screen-reader-text\">Oczyszczanie i zabezpieczanie bak\u00f3w<\/span> Read More &raquo;<\/a><\/p>\n","protected":false},"author":1,"featured_media":0,"parent":0,"menu_order":0,"comment_status":"closed","ping_status":"closed","template":"","meta":[],"_links":{"self":[{"href":"http:\/\/www.retrotechnik.pl\/index.php\/wp-json\/wp\/v2\/pages\/882"}],"collection":[{"href":"http:\/\/www.retrotechnik.pl\/index.php\/wp-json\/wp\/v2\/pages"}],"about":[{"href":"http:\/\/www.retrotechnik.pl\/index.php\/wp-json\/wp\/v2\/types\/page"}],"author":[{"embeddable":true,"href":"http:\/\/www.retrotechnik.pl\/index.php\/wp-json\/wp\/v2\/users\/1"}],"replies":[{"embeddable":true,"href":"http:\/\/www.retrotechnik.pl\/index.php\/wp-json\/wp\/v2\/comments?post=882"}],"version-history":[{"count":13,"href":"http:\/\/www.retrotechnik.pl\/index.php\/wp-json\/wp\/v2\/pages\/882\/revisions"}],"predecessor-version":[{"id":1044,"href":"http:\/\/www.retrotechnik.pl\/index.php\/wp-json\/wp\/v2\/pages\/882\/revisions\/1044"}],"wp:attachment":[{"href":"http:\/\/www.retrotechnik.pl\/index.php\/wp-json\/wp\/v2\/media?parent=882"}],"curies":[{"name":"wp","href":"https:\/\/api.w.org\/{rel}","templated":true}]}}